{"id":13257,"date":"2023-11-07T14:52:10","date_gmt":"2023-11-07T13:52:10","guid":{"rendered":"https:\/\/blog.termetritone.it\/citta-darte-iframe\/"},"modified":"2023-11-14T14:46:43","modified_gmt":"2023-11-14T13:46:43","slug":"citta-darte-iframe","status":"publish","type":"page","link":"https:\/\/blog.termetritone.it\/de\/citta-darte-iframe\/","title":{"rendered":"Citt\u00e0 d\u2019Arte (iFrame DE)"},"content":{"rendered":"<p>[vc_row el_class=&#8220;iframe-news&#8220;][vc_column][vc_column_text]<div class=\"bdpp-wrap bdpp-lite bdpp-post-grid-wrap bdpp-post-data-wrap bdpp-design-1 bdpp-grid-4  bdpp-clearfix\" id=\"bdpp-post-grid-1\">\n\t<div class=\"bdpp-post-grid-inr-wrap bdpp-post-data-inr-wrap bdpp-clearfix\"><div class=\"bdpp-post-grid bdpp-col-4 bdpp-columns bdpp-post-15848 bdpp-post-standard bdpp-first bdpp-has-thumb\">\n\t<div class=\"bdpp-post-grid-content\">\n\t\t\t\t<div class=\"bdpp-post-img-bg\">\n\t\t\t<a href=\"https:\/\/blog.termetritone.it\/de\/gebiet\/karneval-von-venedig-2025-zeitlose-eleganz-und-magie\/\">\n\t\t\t\t<img decoding=\"async\" src=\"https:\/\/blog.termetritone.it\/wp-content\/uploads\/2025\/01\/9-2.jpg\" class=\"bdpp-img bdpp-post-feat-img\" alt=\"Karneval von Venedig 2025: zeitlose Eleganz und Magie\" \/>\n\t\t\t\t\t\t\t<\/a>\n\t\t<\/div>\n\t\t\t\t<div class=\"bdpp-post-cats\"><a class=\"bdpp-post-cat-link bdpp-post-cat-26 bdpp-post-cat-gebiet\" href=\"https:\/\/blog.termetritone.it\/de\/category\/gebiet\/\">Gebiet<\/a> <a class=\"bdpp-post-cat-link bdpp-post-cat-79 bdpp-post-cat-kunststaedte\" href=\"https:\/\/blog.termetritone.it\/de\/category\/gebiet\/kunststaedte\/\">Kunstst\u00e4dte<\/a><\/div>\n\t\t\n\t\t<h2 class=\"bdpp-post-title\">\n\t\t\t<a href=\"https:\/\/blog.termetritone.it\/de\/gebiet\/karneval-von-venedig-2025-zeitlose-eleganz-und-magie\/\">Karneval von Venedig 2025: zeitlose Eleganz und Magie<\/a>\n\t\t<\/h2>\n\n\t\t\t\t<div class=\"bdpp-post-content\">\n\t\t\t<div class=\"bdpp-post-desc\">Der Karneval von Venedig ist ein Fest, das die Magie der Geschichte, den Charme der Masken und die einzigartige Atmosph\u00e4re...<\/div>\n\t\t\t\t\t<\/div>\n\t\t\t<\/div>\n<\/div><div class=\"bdpp-post-grid bdpp-col-4 bdpp-columns bdpp-post-14189 bdpp-post-standard bdpp-has-thumb\">\n\t<div class=\"bdpp-post-grid-content\">\n\t\t\t\t<div class=\"bdpp-post-img-bg\">\n\t\t\t<a href=\"https:\/\/blog.termetritone.it\/de\/gebiet\/der-doppelte-charme-der-villa-bassi-der-venezianischen-villa-und-des-museums\/\">\n\t\t\t\t<img decoding=\"async\" src=\"https:\/\/blog.termetritone.it\/wp-content\/uploads\/2024\/05\/3-1.jpg\" class=\"bdpp-img bdpp-post-feat-img\" alt=\"Der doppelte charme der Villa Bassi, der Venezianischen Villa und des museums\" \/>\n\t\t\t\t\t\t\t<\/a>\n\t\t<\/div>\n\t\t\t\t<div class=\"bdpp-post-cats\"><a class=\"bdpp-post-cat-link bdpp-post-cat-26 bdpp-post-cat-gebiet\" href=\"https:\/\/blog.termetritone.it\/de\/category\/gebiet\/\">Gebiet<\/a> <a class=\"bdpp-post-cat-link bdpp-post-cat-79 bdpp-post-cat-kunststaedte\" href=\"https:\/\/blog.termetritone.it\/de\/category\/gebiet\/kunststaedte\/\">Kunstst\u00e4dte<\/a><\/div>\n\t\t\n\t\t<h2 class=\"bdpp-post-title\">\n\t\t\t<a href=\"https:\/\/blog.termetritone.it\/de\/gebiet\/der-doppelte-charme-der-villa-bassi-der-venezianischen-villa-und-des-museums\/\">Der doppelte charme der Villa Bassi, der Venezianischen Villa und des museums<\/a>\n\t\t<\/h2>\n\n\t\t\t\t<div class=\"bdpp-post-content\">\n\t\t\t<div class=\"bdpp-post-desc\">Eingebettet in die sanften gr\u00fcnen H\u00fcgel von Abano Terme liegt Villa Bassi, ein architektonisches Juwel, das seine Besucher mit seiner...<\/div>\n\t\t\t\t\t<\/div>\n\t\t\t<\/div>\n<\/div><div class=\"bdpp-post-grid bdpp-col-4 bdpp-columns bdpp-post-13641 bdpp-post-standard bdpp-has-thumb\">\n\t<div class=\"bdpp-post-grid-content\">\n\t\t\t\t<div class=\"bdpp-post-img-bg\">\n\t\t\t<a href=\"https:\/\/blog.termetritone.it\/de\/gebiet\/in-padua-die-aussergewoehnlichen-werke-moderner-franzoesischer-maler-von-monet-bis-matisse\/\">\n\t\t\t\t<img decoding=\"async\" src=\"https:\/\/blog.termetritone.it\/wp-content\/uploads\/2024\/02\/TRITONE-LUXURY-HOTEL_foto-con-scritta-6.jpg\" class=\"bdpp-img bdpp-post-feat-img\" alt=\"In Padua die au\u00dfergew\u00f6hnlichen Werke moderner franz\u00f6sischer Maler, von Monet bis Matisse\" \/>\n\t\t\t\t\t\t\t<\/a>\n\t\t<\/div>\n\t\t\t\t<div class=\"bdpp-post-cats\"><a class=\"bdpp-post-cat-link bdpp-post-cat-26 bdpp-post-cat-gebiet\" href=\"https:\/\/blog.termetritone.it\/de\/category\/gebiet\/\">Gebiet<\/a> <a class=\"bdpp-post-cat-link bdpp-post-cat-79 bdpp-post-cat-kunststaedte\" href=\"https:\/\/blog.termetritone.it\/de\/category\/gebiet\/kunststaedte\/\">Kunstst\u00e4dte<\/a><\/div>\n\t\t\n\t\t<h2 class=\"bdpp-post-title\">\n\t\t\t<a href=\"https:\/\/blog.termetritone.it\/de\/gebiet\/in-padua-die-aussergewoehnlichen-werke-moderner-franzoesischer-maler-von-monet-bis-matisse\/\">In Padua die au\u00dfergew\u00f6hnlichen Werke moderner franz\u00f6sischer Maler, von Monet bis Matisse<\/a>\n\t\t<\/h2>\n\n\t\t\t\t<div class=\"bdpp-post-content\">\n\t\t\t<div class=\"bdpp-post-desc\">Was geschah in der Pariser Kunstwelt in den hundert Jahren von 1850 bis 1950? Die Ausstellung \u201eVon MONET bis MATISSE\u201c...<\/div>\n\t\t\t\t\t<\/div>\n\t\t\t<\/div>\n<\/div><div class=\"bdpp-post-grid bdpp-col-4 bdpp-columns bdpp-post-13339 bdpp-post-standard bdpp-has-thumb\">\n\t<div class=\"bdpp-post-grid-content\">\n\t\t\t\t<div class=\"bdpp-post-img-bg\">\n\t\t\t<a href=\"https:\/\/blog.termetritone.it\/de\/gebiet\/ein-magischer-aufenthalt-im-hotel-tritone-weihnachten-2023-in-abano-terme-und-padua\/\">\n\t\t\t\t<img decoding=\"async\" src=\"https:\/\/blog.termetritone.it\/wp-content\/uploads\/2023\/12\/Padova-1-TED.jpg\" class=\"bdpp-img bdpp-post-feat-img\" alt=\"Ein magischer Aufenthalt im Hotel Tritone \u2013 Weihnachten 2023 in Abano Terme und Padua\" \/>\n\t\t\t\t\t\t\t<\/a>\n\t\t<\/div>\n\t\t\t\t<div class=\"bdpp-post-cats\"><a class=\"bdpp-post-cat-link bdpp-post-cat-77 bdpp-post-cat-abano-und-huegeln\" href=\"https:\/\/blog.termetritone.it\/de\/category\/gebiet\/abano-und-huegeln\/\">Abano und H\u00fcgeln<\/a> <a class=\"bdpp-post-cat-link bdpp-post-cat-26 bdpp-post-cat-gebiet\" href=\"https:\/\/blog.termetritone.it\/de\/category\/gebiet\/\">Gebiet<\/a> <a class=\"bdpp-post-cat-link bdpp-post-cat-79 bdpp-post-cat-kunststaedte\" href=\"https:\/\/blog.termetritone.it\/de\/category\/gebiet\/kunststaedte\/\">Kunstst\u00e4dte<\/a><\/div>\n\t\t\n\t\t<h2 class=\"bdpp-post-title\">\n\t\t\t<a href=\"https:\/\/blog.termetritone.it\/de\/gebiet\/ein-magischer-aufenthalt-im-hotel-tritone-weihnachten-2023-in-abano-terme-und-padua\/\">Ein magischer Aufenthalt im Hotel Tritone \u2013 Weihnachten 2023 in Abano Terme und Padua<\/a>\n\t\t<\/h2>\n\n\t\t\t\t<div class=\"bdpp-post-content\">\n\t\t\t<div class=\"bdpp-post-desc\">G\u00e4ste, die sich f\u00fcr einen Aufenthalt \u00fcber die Feiertage im Dezember und Anfang Januar entscheiden, k\u00f6nnen an Weihnachtsveranstaltungen im Umfeld...<\/div>\n\t\t\t\t\t<\/div>\n\t\t\t<\/div>\n<\/div>\t<\/div>\n\t<\/div>[\/vc_column_text][\/vc_column][\/vc_row]<\/p>\n","protected":false},"excerpt":{"rendered":"<p>[vc_row el_class=&#8220;iframe-news&#8220;][vc_column][vc_column_text][\/vc_column_text][\/vc_column][\/vc_row]<\/p>\n","protected":false},"author":1,"featured_media":0,"parent":0,"menu_order":0,"comment_status":"closed","ping_status":"closed","template":"page-template-full-width.php","meta":{"_acf_changed":false,"footnotes":""},"class_list":["post-13257","page","type-page","status-publish","hentry"],"acf":[],"yoast_head":"<!-- This site is optimized with the Yoast SEO plugin v27.2 - https:\/\/yoast.com\/product\/yoast-seo-wordpress\/ -->\n<title>Citt\u00e0 d\u2019Arte (iFrame DE) - Blog Hotel Tritone Terme<\/title>\n<meta name=\"robots\" content=\"index, follow, max-snippet:-1, max-image-preview:large, max-video-preview:-1\" \/>\n<link rel=\"canonical\" href=\"https:\/\/blog.termetritone.it\/de\/citta-darte-iframe\/\" \/>\n<meta property=\"og:locale\" content=\"de_DE\" \/>\n<meta property=\"og:type\" content=\"article\" \/>\n<meta property=\"og:title\" content=\"Citt\u00e0 d\u2019Arte (iFrame DE) - Blog Hotel Tritone Terme\" \/>\n<meta property=\"og:description\" content=\"[vc_row el_class=&#8220;iframe-news&#8220;][vc_column][vc_column_text][\/vc_column_text][\/vc_column][\/vc_row]\" \/>\n<meta property=\"og:url\" content=\"https:\/\/blog.termetritone.it\/de\/citta-darte-iframe\/\" \/>\n<meta property=\"og:site_name\" content=\"Blog Hotel Tritone Terme\" \/>\n<meta property=\"article:publisher\" content=\"https:\/\/www.facebook.com\/HotelTritoneTerme\/\" \/>\n<meta property=\"article:modified_time\" content=\"2023-11-14T13:46:43+00:00\" \/>\n<meta name=\"twitter:card\" content=\"summary_large_image\" \/>\n<meta name=\"twitter:site\" content=\"@TermeTritone\" \/>\n<meta name=\"twitter:label1\" content=\"Gesch\u00e4tzte Lesezeit\" \/>\n\t<meta name=\"twitter:data1\" content=\"1\u00a0Minute\" \/>\n<!-- \/ Yoast SEO plugin. -->","yoast_head_json":{"title":"Citt\u00e0 d\u2019Arte (iFrame DE) - Blog Hotel Tritone Terme","robots":{"index":"index","follow":"follow","max-snippet":"max-snippet:-1","max-image-preview":"max-image-preview:large","max-video-preview":"max-video-preview:-1"},"canonical":"https:\/\/blog.termetritone.it\/de\/citta-darte-iframe\/","og_locale":"de_DE","og_type":"article","og_title":"Citt\u00e0 d\u2019Arte (iFrame DE) - Blog Hotel Tritone Terme","og_description":"[vc_row el_class=&#8220;iframe-news&#8220;][vc_column][vc_column_text][\/vc_column_text][\/vc_column][\/vc_row]","og_url":"https:\/\/blog.termetritone.it\/de\/citta-darte-iframe\/","og_site_name":"Blog Hotel Tritone Terme","article_publisher":"https:\/\/www.facebook.com\/HotelTritoneTerme\/","article_modified_time":"2023-11-14T13:46:43+00:00","twitter_card":"summary_large_image","twitter_site":"@TermeTritone","twitter_misc":{"Gesch\u00e4tzte Lesezeit":"1\u00a0Minute"},"schema":{"@context":"https:\/\/schema.org","@graph":[{"@type":"WebPage","@id":"https:\/\/blog.termetritone.it\/de\/citta-darte-iframe\/","url":"https:\/\/blog.termetritone.it\/de\/citta-darte-iframe\/","name":"Citt\u00e0 d\u2019Arte (iFrame DE) - Blog Hotel Tritone Terme","isPartOf":{"@id":"https:\/\/blog.termetritone.it\/#website"},"datePublished":"2023-11-07T13:52:10+00:00","dateModified":"2023-11-14T13:46:43+00:00","breadcrumb":{"@id":"https:\/\/blog.termetritone.it\/de\/citta-darte-iframe\/#breadcrumb"},"inLanguage":"de","potentialAction":[{"@type":"ReadAction","target":["https:\/\/blog.termetritone.it\/de\/citta-darte-iframe\/"]}]},{"@type":"BreadcrumbList","@id":"https:\/\/blog.termetritone.it\/de\/citta-darte-iframe\/#breadcrumb","itemListElement":[{"@type":"ListItem","position":1,"name":"Home","item":"https:\/\/blog.termetritone.it\/de\/"},{"@type":"ListItem","position":2,"name":"Citt\u00e0 d\u2019Arte (iFrame DE)"}]},{"@type":"WebSite","@id":"https:\/\/blog.termetritone.it\/#website","url":"https:\/\/blog.termetritone.it\/","name":"Blog Hotel Tritone Terme","description":"Eleganza e relax senza compromessi","publisher":{"@id":"https:\/\/blog.termetritone.it\/#organization"},"potentialAction":[{"@type":"SearchAction","target":{"@type":"EntryPoint","urlTemplate":"https:\/\/blog.termetritone.it\/?s={search_term_string}"},"query-input":{"@type":"PropertyValueSpecification","valueRequired":true,"valueName":"search_term_string"}}],"inLanguage":"de"},{"@type":"Organization","@id":"https:\/\/blog.termetritone.it\/#organization","name":"Hotel Tritone Terme - Sethi srl","url":"https:\/\/blog.termetritone.it\/","logo":{"@type":"ImageObject","inLanguage":"de","@id":"https:\/\/blog.termetritone.it\/#\/schema\/logo\/image\/","url":"https:\/\/blog.termetritone.it\/wp-content\/uploads\/2018\/10\/logo-tritone-small.png","contentUrl":"https:\/\/blog.termetritone.it\/wp-content\/uploads\/2018\/10\/logo-tritone-small.png","width":249,"height":80,"caption":"Hotel Tritone Terme - Sethi srl"},"image":{"@id":"https:\/\/blog.termetritone.it\/#\/schema\/logo\/image\/"},"sameAs":["https:\/\/www.facebook.com\/HotelTritoneTerme\/","https:\/\/x.com\/TermeTritone","https:\/\/www.youtube.com\/channel\/UCBtuO3rJaSxzX_OkEw3niJg"]}]}},"_links":{"self":[{"href":"https:\/\/blog.termetritone.it\/de\/wp-json\/wp\/v2\/pages\/13257","targetHints":{"allow":["GET"]}}],"collection":[{"href":"https:\/\/blog.termetritone.it\/de\/wp-json\/wp\/v2\/pages"}],"about":[{"href":"https:\/\/blog.termetritone.it\/de\/wp-json\/wp\/v2\/types\/page"}],"author":[{"embeddable":true,"href":"https:\/\/blog.termetritone.it\/de\/wp-json\/wp\/v2\/users\/1"}],"replies":[{"embeddable":true,"href":"https:\/\/blog.termetritone.it\/de\/wp-json\/wp\/v2\/comments?post=13257"}],"version-history":[{"count":1,"href":"https:\/\/blog.termetritone.it\/de\/wp-json\/wp\/v2\/pages\/13257\/revisions"}],"predecessor-version":[{"id":13258,"href":"https:\/\/blog.termetritone.it\/de\/wp-json\/wp\/v2\/pages\/13257\/revisions\/13258"}],"wp:attachment":[{"href":"https:\/\/blog.termetritone.it\/de\/wp-json\/wp\/v2\/media?parent=13257"}],"curies":[{"name":"wp","href":"https:\/\/api.w.org\/{rel}","templated":true}]}}