{"id":708,"date":"2018-11-13T14:45:32","date_gmt":"2018-11-13T13:45:32","guid":{"rendered":"https:\/\/blog.termetritone.it\/?page_id=708"},"modified":"2021-09-14T13:06:07","modified_gmt":"2021-09-14T11:06:07","slug":"home","status":"publish","type":"page","link":"https:\/\/blog.termetritone.it\/de\/","title":{"rendered":"Home"},"content":{"rendered":"<p>[vc_row el_id=&#8220;about&#8220;][vc_column][vc_empty_space height=&#8220;50px&#8220;][vc_onliest_section_heading large_heading=&#8220;WILLKOMMEN IN UNSEREM BLOG&#8220;][vc_empty_space height=&#8220;50px&#8220;][\/vc_column][\/vc_row][vc_row][vc_column][vc_raw_html]JTVCYmRwX3Bvc3QlMjBkZXNpZ24lM0QlMjJkZXNpZ24tMiUyMiUyMGdyaWQlM0QlMjIyJTIyJTIwc2hvd19kYXRlJTNEJTIyZmFsc2UlMjIlMjBzaG93X2F1dGhvciUzRCUyMmZhbHNlJTIyJTIwY29udGVudF93b3Jkc19saW1pdCUzRCUyMjMwJTIyJTIwbGltaXQlM0QlMjI2JTIyJTIwcGFnaW5hdGlvbiUzRCUyMmZhbHNlJTIyJTVE[\/vc_raw_html][\/vc_column][\/vc_row][vc_row full_width=&#8220;stretch_row&#8220; css=&#8220;.vc_custom_1540200858754{background-color: #ffffff !important;}&#8220;][vc_column][vc_row_inner][vc_column_inner width=&#8220;1\/3&#8243;][\/vc_column_inner][vc_column_inner width=&#8220;1\/3&#8243;][vc_onliest_button text=&#8220;SEHEN SIE ALLE EINZELTEILE&#8220; link=&#8220;url:https%3A%2F%2Fblog.termetritone.it%2Fde%2Fblog%2F|||&#8220; style=&#8220;btn-bordered&#8220; size=&#8220;btn-xlarge&#8220;][\/vc_column_inner][vc_column_inner width=&#8220;1\/3&#8243;][\/vc_column_inner][\/vc_row_inner][vc_empty_space height=&#8220;50px&#8220;][vc_onliest_section_heading large_heading=&#8220;WUSSTEN SIE, DA\u00df &#8230;&#8220;][vc_empty_space height=&#8220;40px&#8220;][\/vc_column][\/vc_row][vc_row css=&#8220;.vc_custom_1540201516109{background-color: #ffffff !important;}&#8220;][vc_column width=&#8220;1\/3&#8243;][vc_onliest_service_block heading=&#8220;Hotel&#8220; subheading=&#8220;Eleganz aus der famili\u00e4ren W\u00e4rme&#8220; style=&#8220;style-2&#8243;]Das ist das Grundprinzip der Familie Poli, die seit vierzig Jahren das Hotel Tritone leitet. Mit einem stilvollen, komfortablen und &#8230;<\/p>\n<p><a href=\"https:\/\/www.termetritone.it\/de\/zimmer.aspx\">Besuchen sie Hotel &gt;<\/a>[\/vc_onliest_service_block][\/vc_column][vc_column width=&#8220;1\/3&#8243;][vc_onliest_service_block heading=&#8220;Schwimmb\u00e4der&#8220; subheading=&#8220;Eingebettet ins Gr\u00fcne&#8220; style=&#8220;style-2&#8243;]Die drei Thermal-Schwimmb\u00e4der mit unterschiedlicher Wassertemperatur befinden sich in unserem gro\u00dfen Hotelpark,\u00a0von ugef\u00e4hr 30.000 m<sup>2<\/sup><\/p>\n<p><a href=\"https:\/\/www.termetritone.it\/de\/schwimmbaeder.aspx\">Tauchen Sie in den Pool &gt;<\/a>[\/vc_onliest_service_block][\/vc_column][vc_column width=&#8220;1\/3&#8243;][vc_onliest_service_block heading=&#8220;Thermae &amp; SPA&#8220; subheading=&#8220;Entspannung und Wellness pur&#8220; style=&#8220;style-2&#8243;]Ein Urlaub im Hotel Tritone garantiert Ihnen Heilbehandlung und Wohlbefinden: hierf\u00fcr bieten wir ein modernes Thermalzentrum und eine Spa auf \u201cdem letzten wissenschaftlichen Stand\u201d.<\/p>\n<p><a href=\"https:\/\/www.termetritone.it\/de\/thermae.aspx\">Besuchen Sie das SPA &gt;<\/a>[\/vc_onliest_service_block][\/vc_column][\/vc_row][vc_row disable_element=&#8220;yes&#8220; css=&#8220;.vc_custom_1620643339291{padding-top: 30px !important;padding-bottom: 30px !important;}&#8220;][vc_column width=&#8220;1\/2&#8243;][vc_gallery type=&#8220;flexslider_slide&#8220; interval=&#8220;3&#8243; images=&#8220;337,336,335,345,343,341,340,315,311,309,307,304,302,300,298,295,293,291,289,287,285,283,278,277,275,273&#8243; img_size=&#8220;large&#8220;][\/vc_column][vc_column width=&#8220;1\/2&#8243;][vc_video link=&#8220;https:\/\/www.youtube.com\/watch?v=4yxFuc0zS8Y&#8220;][\/vc_column][\/vc_row]<\/p>\n","protected":false},"excerpt":{"rendered":"<p>[vc_row el_id=&#8220;about&#8220;][vc_column][vc_empty_space height=&#8220;50px&#8220;][vc_onliest_section_heading large_heading=&#8220;WILLKOMMEN IN UNSEREM BLOG&#8220;][vc_empty_space height=&#8220;50px&#8220;][\/vc_column][\/vc_row][vc_row][vc_column][vc_raw_html]JTVCYmRwX3Bvc3QlMjBkZXNpZ24lM0QlMjJkZXNpZ24tMiUyMiUyMGdyaWQlM0QlMjIyJTIyJTIwc2hvd19kYXRlJTNEJTIyZmFsc2UlMjIlMjBzaG93X2F1dGhvciUzRCUyMmZhbHNlJTIyJTIwY29udGVudF93b3Jkc19saW1pdCUzRCUyMjMwJTIyJTIwbGltaXQlM0QlMjI2JTIyJTIwcGFnaW5hdGlvbiUzRCUyMmZhbHNlJTIyJTVE[\/vc_raw_html][\/vc_column][\/vc_row][vc_row full_width=&#8220;stretch_row&#8220; css=&#8220;.vc_custom_1540200858754{background-color: #ffffff !important;}&#8220;][vc_column][vc_row_inner][vc_column_inner width=&#8220;1\/3&#8243;][\/vc_column_inner][vc_column_inner width=&#8220;1\/3&#8243;][vc_onliest_button text=&#8220;SEHEN SIE ALLE EINZELTEILE&#8220; link=&#8220;url:https%3A%2F%2Fblog.termetritone.it%2Fde%2Fblog%2F|||&#8220; style=&#8220;btn-bordered&#8220; size=&#8220;btn-xlarge&#8220;][\/vc_column_inner][vc_column_inner width=&#8220;1\/3&#8243;][\/vc_column_inner][\/vc_row_inner][vc_empty_space height=&#8220;50px&#8220;][vc_onliest_section_heading large_heading=&#8220;WUSSTEN SIE, DA\u00df &#8230;&#8220;][vc_empty_space height=&#8220;40px&#8220;][\/vc_column][\/vc_row][vc_row css=&#8220;.vc_custom_1540201516109{background-color: #ffffff !important;}&#8220;][vc_column width=&#8220;1\/3&#8243;][vc_onliest_service_block heading=&#8220;Hotel&#8220; subheading=&#8220;Eleganz aus der famili\u00e4ren W\u00e4rme&#8220; style=&#8220;style-2&#8243;]Das ist das Grundprinzip der Familie Poli, die seit vierzig Jahren das Hotel Tritone leitet. Mit einem&hellip;<\/p>\n","protected":false},"author":1,"featured_media":0,"parent":0,"menu_order":0,"comment_status":"closed","ping_status":"closed","template":"page-template-one-page.php","meta":{"_acf_changed":false,"footnotes":""},"class_list":["post-708","page","type-page","status-publish","hentry"],"acf":[],"yoast_head":"<!-- This site is optimized with the Yoast SEO plugin v27.2 - https:\/\/yoast.com\/product\/yoast-seo-wordpress\/ -->\n<title>Home - Blog Hotel Tritone Terme<\/title>\n<meta name=\"robots\" content=\"index, follow, max-snippet:-1, max-image-preview:large, max-video-preview:-1\" \/>\n<link rel=\"canonical\" href=\"https:\/\/blog.termetritone.it\/de\/\" \/>\n<meta property=\"og:locale\" content=\"de_DE\" \/>\n<meta property=\"og:type\" content=\"article\" \/>\n<meta property=\"og:title\" content=\"Home - Blog Hotel Tritone Terme\" \/>\n<meta property=\"og:description\" content=\"[vc_row el_id=&#8220;about&#8220;][vc_column][vc_empty_space height=&#8220;50px&#8220;][vc_onliest_section_heading large_heading=&#8220;WILLKOMMEN IN UNSEREM BLOG&#8220;][vc_empty_space height=&#8220;50px&#8220;][\/vc_column][\/vc_row][vc_row][vc_column][vc_raw_html]JTVCYmRwX3Bvc3QlMjBkZXNpZ24lM0QlMjJkZXNpZ24tMiUyMiUyMGdyaWQlM0QlMjIyJTIyJTIwc2hvd19kYXRlJTNEJTIyZmFsc2UlMjIlMjBzaG93X2F1dGhvciUzRCUyMmZhbHNlJTIyJTIwY29udGVudF93b3Jkc19saW1pdCUzRCUyMjMwJTIyJTIwbGltaXQlM0QlMjI2JTIyJTIwcGFnaW5hdGlvbiUzRCUyMmZhbHNlJTIyJTVE[\/vc_raw_html][\/vc_column][\/vc_row][vc_row full_width=&#8220;stretch_row&#8220; css=&#8220;.vc_custom_1540200858754{background-color: #ffffff !important;}&#8220;][vc_column][vc_row_inner][vc_column_inner width=&#8220;1\/3&#8243;][\/vc_column_inner][vc_column_inner width=&#8220;1\/3&#8243;][vc_onliest_button text=&#8220;SEHEN SIE ALLE EINZELTEILE&#8220; link=&#8220;url:https%3A%2F%2Fblog.termetritone.it%2Fde%2Fblog%2F|||&#8220; style=&#8220;btn-bordered&#8220; size=&#8220;btn-xlarge&#8220;][\/vc_column_inner][vc_column_inner width=&#8220;1\/3&#8243;][\/vc_column_inner][\/vc_row_inner][vc_empty_space height=&#8220;50px&#8220;][vc_onliest_section_heading large_heading=&#8220;WUSSTEN SIE, DA\u00df &#8230;&#8220;][vc_empty_space height=&#8220;40px&#8220;][\/vc_column][\/vc_row][vc_row css=&#8220;.vc_custom_1540201516109{background-color: #ffffff !important;}&#8220;][vc_column width=&#8220;1\/3&#8243;][vc_onliest_service_block heading=&#8220;Hotel&#8220; subheading=&#8220;Eleganz aus der famili\u00e4ren W\u00e4rme&#8220; style=&#8220;style-2&#8243;]Das ist das Grundprinzip der Familie Poli, die seit vierzig Jahren das Hotel Tritone leitet. Mit einem&hellip;\" \/>\n<meta property=\"og:url\" content=\"https:\/\/blog.termetritone.it\/de\/\" \/>\n<meta property=\"og:site_name\" content=\"Blog Hotel Tritone Terme\" \/>\n<meta property=\"article:publisher\" content=\"https:\/\/www.facebook.com\/HotelTritoneTerme\/\" \/>\n<meta property=\"article:modified_time\" content=\"2021-09-14T11:06:07+00:00\" \/>\n<meta name=\"twitter:card\" content=\"summary_large_image\" \/>\n<meta name=\"twitter:site\" content=\"@TermeTritone\" \/>\n<meta name=\"twitter:label1\" content=\"Gesch\u00e4tzte Lesezeit\" \/>\n\t<meta name=\"twitter:data1\" content=\"2\u00a0Minuten\" \/>\n<!-- \/ Yoast SEO plugin. -->","yoast_head_json":{"title":"Home - Blog Hotel Tritone Terme","robots":{"index":"index","follow":"follow","max-snippet":"max-snippet:-1","max-image-preview":"max-image-preview:large","max-video-preview":"max-video-preview:-1"},"canonical":"https:\/\/blog.termetritone.it\/de\/","og_locale":"de_DE","og_type":"article","og_title":"Home - Blog Hotel Tritone Terme","og_description":"[vc_row el_id=&#8220;about&#8220;][vc_column][vc_empty_space height=&#8220;50px&#8220;][vc_onliest_section_heading large_heading=&#8220;WILLKOMMEN IN UNSEREM BLOG&#8220;][vc_empty_space height=&#8220;50px&#8220;][\/vc_column][\/vc_row][vc_row][vc_column][vc_raw_html]JTVCYmRwX3Bvc3QlMjBkZXNpZ24lM0QlMjJkZXNpZ24tMiUyMiUyMGdyaWQlM0QlMjIyJTIyJTIwc2hvd19kYXRlJTNEJTIyZmFsc2UlMjIlMjBzaG93X2F1dGhvciUzRCUyMmZhbHNlJTIyJTIwY29udGVudF93b3Jkc19saW1pdCUzRCUyMjMwJTIyJTIwbGltaXQlM0QlMjI2JTIyJTIwcGFnaW5hdGlvbiUzRCUyMmZhbHNlJTIyJTVE[\/vc_raw_html][\/vc_column][\/vc_row][vc_row full_width=&#8220;stretch_row&#8220; css=&#8220;.vc_custom_1540200858754{background-color: #ffffff !important;}&#8220;][vc_column][vc_row_inner][vc_column_inner width=&#8220;1\/3&#8243;][\/vc_column_inner][vc_column_inner width=&#8220;1\/3&#8243;][vc_onliest_button text=&#8220;SEHEN SIE ALLE EINZELTEILE&#8220; link=&#8220;url:https%3A%2F%2Fblog.termetritone.it%2Fde%2Fblog%2F|||&#8220; style=&#8220;btn-bordered&#8220; size=&#8220;btn-xlarge&#8220;][\/vc_column_inner][vc_column_inner width=&#8220;1\/3&#8243;][\/vc_column_inner][\/vc_row_inner][vc_empty_space height=&#8220;50px&#8220;][vc_onliest_section_heading large_heading=&#8220;WUSSTEN SIE, DA\u00df &#8230;&#8220;][vc_empty_space height=&#8220;40px&#8220;][\/vc_column][\/vc_row][vc_row css=&#8220;.vc_custom_1540201516109{background-color: #ffffff !important;}&#8220;][vc_column width=&#8220;1\/3&#8243;][vc_onliest_service_block heading=&#8220;Hotel&#8220; subheading=&#8220;Eleganz aus der famili\u00e4ren W\u00e4rme&#8220; style=&#8220;style-2&#8243;]Das ist das Grundprinzip der Familie Poli, die seit vierzig Jahren das Hotel Tritone leitet. Mit einem&hellip;","og_url":"https:\/\/blog.termetritone.it\/de\/","og_site_name":"Blog Hotel Tritone Terme","article_publisher":"https:\/\/www.facebook.com\/HotelTritoneTerme\/","article_modified_time":"2021-09-14T11:06:07+00:00","twitter_card":"summary_large_image","twitter_site":"@TermeTritone","twitter_misc":{"Gesch\u00e4tzte Lesezeit":"2\u00a0Minuten"},"schema":{"@context":"https:\/\/schema.org","@graph":[{"@type":"WebPage","@id":"https:\/\/blog.termetritone.it\/de\/","url":"https:\/\/blog.termetritone.it\/de\/","name":"Home - Blog Hotel Tritone Terme","isPartOf":{"@id":"https:\/\/blog.termetritone.it\/#website"},"datePublished":"2018-11-13T13:45:32+00:00","dateModified":"2021-09-14T11:06:07+00:00","breadcrumb":{"@id":"https:\/\/blog.termetritone.it\/de\/#breadcrumb"},"inLanguage":"de","potentialAction":[{"@type":"ReadAction","target":["https:\/\/blog.termetritone.it\/de\/"]}]},{"@type":"BreadcrumbList","@id":"https:\/\/blog.termetritone.it\/de\/#breadcrumb","itemListElement":[{"@type":"ListItem","position":1,"name":"Home","item":"https:\/\/blog.termetritone.it\/de\/"},{"@type":"ListItem","position":2,"name":"Home"}]},{"@type":"WebSite","@id":"https:\/\/blog.termetritone.it\/#website","url":"https:\/\/blog.termetritone.it\/","name":"Blog Hotel Tritone Terme","description":"Eleganza e relax senza compromessi","publisher":{"@id":"https:\/\/blog.termetritone.it\/#organization"},"potentialAction":[{"@type":"SearchAction","target":{"@type":"EntryPoint","urlTemplate":"https:\/\/blog.termetritone.it\/?s={search_term_string}"},"query-input":{"@type":"PropertyValueSpecification","valueRequired":true,"valueName":"search_term_string"}}],"inLanguage":"de"},{"@type":"Organization","@id":"https:\/\/blog.termetritone.it\/#organization","name":"Hotel Tritone Terme - Sethi srl","url":"https:\/\/blog.termetritone.it\/","logo":{"@type":"ImageObject","inLanguage":"de","@id":"https:\/\/blog.termetritone.it\/#\/schema\/logo\/image\/","url":"https:\/\/blog.termetritone.it\/wp-content\/uploads\/2018\/10\/logo-tritone-small.png","contentUrl":"https:\/\/blog.termetritone.it\/wp-content\/uploads\/2018\/10\/logo-tritone-small.png","width":249,"height":80,"caption":"Hotel Tritone Terme - Sethi srl"},"image":{"@id":"https:\/\/blog.termetritone.it\/#\/schema\/logo\/image\/"},"sameAs":["https:\/\/www.facebook.com\/HotelTritoneTerme\/","https:\/\/x.com\/TermeTritone","https:\/\/www.youtube.com\/channel\/UCBtuO3rJaSxzX_OkEw3niJg"]}]}},"_links":{"self":[{"href":"https:\/\/blog.termetritone.it\/de\/wp-json\/wp\/v2\/pages\/708","targetHints":{"allow":["GET"]}}],"collection":[{"href":"https:\/\/blog.termetritone.it\/de\/wp-json\/wp\/v2\/pages"}],"about":[{"href":"https:\/\/blog.termetritone.it\/de\/wp-json\/wp\/v2\/types\/page"}],"author":[{"embeddable":true,"href":"https:\/\/blog.termetritone.it\/de\/wp-json\/wp\/v2\/users\/1"}],"replies":[{"embeddable":true,"href":"https:\/\/blog.termetritone.it\/de\/wp-json\/wp\/v2\/comments?post=708"}],"version-history":[{"count":0,"href":"https:\/\/blog.termetritone.it\/de\/wp-json\/wp\/v2\/pages\/708\/revisions"}],"wp:attachment":[{"href":"https:\/\/blog.termetritone.it\/de\/wp-json\/wp\/v2\/media?parent=708"}],"curies":[{"name":"wp","href":"https:\/\/api.w.org\/{rel}","templated":true}]}}