{"id":13239,"date":"2023-11-07T13:47:17","date_gmt":"2023-11-07T12:47:17","guid":{"rendered":"https:\/\/blog.termetritone.it\/abano-e-colli-iframe\/"},"modified":"2023-11-14T14:37:52","modified_gmt":"2023-11-14T13:37:52","slug":"abano-e-colli-iframe","status":"publish","type":"page","link":"https:\/\/blog.termetritone.it\/fr\/abano-e-colli-iframe\/","title":{"rendered":"Abano e Colli (iFrame FR)"},"content":{"rendered":"<p>[vc_row el_class=\u00a0\u00bbiframe-news\u00a0\u00bb][vc_column][vc_column_text]<div class=\"bdpp-wrap bdpp-lite bdpp-post-grid-wrap bdpp-post-data-wrap bdpp-design-1 bdpp-grid-4  bdpp-clearfix\" id=\"bdpp-post-grid-1\">\n\t<div class=\"bdpp-post-grid-inr-wrap bdpp-post-data-inr-wrap bdpp-clearfix\"><div class=\"bdpp-post-grid bdpp-col-4 bdpp-columns bdpp-post-17350 bdpp-post-standard bdpp-first bdpp-has-thumb\">\n\t<div class=\"bdpp-post-grid-content\">\n\t\t\t\t<div class=\"bdpp-post-img-bg\">\n\t\t\t<a href=\"https:\/\/blog.termetritone.it\/fr\/territoire\/valsanzibio-petit-versailles\/\">\n\t\t\t\t<img decoding=\"async\" src=\"https:\/\/blog.termetritone.it\/wp-content\/uploads\/2026\/02\/110-640x480.png\" class=\"bdpp-img bdpp-post-feat-img\" alt=\"Valsanzibio : Le Petit Versailles des Collines Eugan\u00e9ennes\" \/>\n\t\t\t\t\t\t\t<\/a>\n\t\t<\/div>\n\t\t\t\t<div class=\"bdpp-post-cats\"><a class=\"bdpp-post-cat-link bdpp-post-cat-70 bdpp-post-cat-abano-et-collines\" href=\"https:\/\/blog.termetritone.it\/fr\/category\/territoire\/abano-et-collines\/\">Abano et Collines<\/a> <a class=\"bdpp-post-cat-link bdpp-post-cat-24 bdpp-post-cat-territoire\" href=\"https:\/\/blog.termetritone.it\/fr\/category\/territoire\/\">Territoire<\/a><\/div>\n\t\t\n\t\t<h2 class=\"bdpp-post-title\">\n\t\t\t<a href=\"https:\/\/blog.termetritone.it\/fr\/territoire\/valsanzibio-petit-versailles\/\">Valsanzibio : Le Petit Versailles des Collines Eugan\u00e9ennes<\/a>\n\t\t<\/h2>\n\n\t\t\t\t<div class=\"bdpp-post-content\">\n\t\t\t<div class=\"bdpp-post-desc\">A\u0300 Galzignano Terme, la\u0300 ou\u0300 la plaine rencontre les premie\u0300res pentes douces des Collines Eugane\u0301ennes, se trouve un lieu suspendu...<\/div>\n\t\t\t\t\t<\/div>\n\t\t\t<\/div>\n<\/div><div class=\"bdpp-post-grid bdpp-col-4 bdpp-columns bdpp-post-17065 bdpp-post-standard bdpp-has-thumb\">\n\t<div class=\"bdpp-post-grid-content\">\n\t\t\t\t<div class=\"bdpp-post-img-bg\">\n\t\t\t<a href=\"https:\/\/blog.termetritone.it\/fr\/territoire\/noel-abano-terme-2025\/\">\n\t\t\t\t<img decoding=\"async\" src=\"https:\/\/blog.termetritone.it\/wp-content\/uploads\/2025\/11\/TRITONE-LUXURY-HOTEL_foto-con-scritta-1-1-640x480.png\" class=\"bdpp-img bdpp-post-feat-img\" alt=\"En attendant No\u00ebl \u00e0 Abano Terme\" \/>\n\t\t\t\t\t\t\t<\/a>\n\t\t<\/div>\n\t\t\t\t<div class=\"bdpp-post-cats\"><a class=\"bdpp-post-cat-link bdpp-post-cat-70 bdpp-post-cat-abano-et-collines\" href=\"https:\/\/blog.termetritone.it\/fr\/category\/territoire\/abano-et-collines\/\">Abano et Collines<\/a> <a class=\"bdpp-post-cat-link bdpp-post-cat-24 bdpp-post-cat-territoire\" href=\"https:\/\/blog.termetritone.it\/fr\/category\/territoire\/\">Territoire<\/a><\/div>\n\t\t\n\t\t<h2 class=\"bdpp-post-title\">\n\t\t\t<a href=\"https:\/\/blog.termetritone.it\/fr\/territoire\/noel-abano-terme-2025\/\">En attendant No\u00ebl \u00e0 Abano Terme<\/a>\n\t\t<\/h2>\n\n\t\t\t\t<div class=\"bdpp-post-content\">\n\t\t\t<div class=\"bdpp-post-desc\">Il y a une p\u00e9riode, entre fin novembre et d\u00e9cembre, o\u00f9 Abano Terme s&#39;illumine d&#39;une lumi\u00e8re diff\u00e9rente. Les jours raccourcissent,...<\/div>\n\t\t\t\t\t<\/div>\n\t\t\t<\/div>\n<\/div><div class=\"bdpp-post-grid bdpp-col-4 bdpp-columns bdpp-post-16816 bdpp-post-standard bdpp-has-thumb\">\n\t<div class=\"bdpp-post-grid-content\">\n\t\t\t\t<div class=\"bdpp-post-img-bg\">\n\t\t\t<a href=\"https:\/\/blog.termetritone.it\/fr\/territoire\/vins-des-collines-euganeennes\/\">\n\t\t\t\t<img decoding=\"async\" src=\"https:\/\/blog.termetritone.it\/wp-content\/uploads\/2025\/09\/vins-collines-640x480.jpg\" class=\"bdpp-img bdpp-post-feat-img\" alt=\"Vins des collines eugan\u00e9ennes : l&rsquo;\u00e9l\u00e9gance d&rsquo;un terroir dans un verre\" \/>\n\t\t\t\t\t\t\t<\/a>\n\t\t<\/div>\n\t\t\t\t<div class=\"bdpp-post-cats\"><a class=\"bdpp-post-cat-link bdpp-post-cat-70 bdpp-post-cat-abano-et-collines\" href=\"https:\/\/blog.termetritone.it\/fr\/category\/territoire\/abano-et-collines\/\">Abano et Collines<\/a> <a class=\"bdpp-post-cat-link bdpp-post-cat-24 bdpp-post-cat-territoire\" href=\"https:\/\/blog.termetritone.it\/fr\/category\/territoire\/\">Territoire<\/a><\/div>\n\t\t\n\t\t<h2 class=\"bdpp-post-title\">\n\t\t\t<a href=\"https:\/\/blog.termetritone.it\/fr\/territoire\/vins-des-collines-euganeennes\/\">Vins des collines eugan\u00e9ennes : l&rsquo;\u00e9l\u00e9gance d&rsquo;un terroir dans un verre<\/a>\n\t\t<\/h2>\n\n\t\t\t\t<div class=\"bdpp-post-content\">\n\t\t\t<div class=\"bdpp-post-desc\">Les collines eugan\u00e9ennes sont une mosa\u00efque de collines volcaniques qui s&#39;\u00e9l\u00e8vent de la plaine de V\u00e9n\u00e9tie \u00e0 travers des contours...<\/div>\n\t\t\t\t\t<\/div>\n\t\t\t<\/div>\n<\/div><div class=\"bdpp-post-grid bdpp-col-4 bdpp-columns bdpp-post-16659 bdpp-post-standard bdpp-has-thumb\">\n\t<div class=\"bdpp-post-grid-content\">\n\t\t\t\t<div class=\"bdpp-post-img-bg\">\n\t\t\t<a href=\"https:\/\/blog.termetritone.it\/fr\/territoire\/route-des-vins-des-collines-euganeennes-un-voyage-entre-nature-saveurs-et-paysages\/\">\n\t\t\t\t<img decoding=\"async\" src=\"https:\/\/blog.termetritone.it\/wp-content\/uploads\/2025\/07\/strada-vino-lug25_01fr-640x480.png\" class=\"bdpp-img bdpp-post-feat-img\" alt=\"Route des Vins des Collines eugan\u00e9ennes : un voyage entre nature, saveurs et paysages\" \/>\n\t\t\t\t\t\t\t<\/a>\n\t\t<\/div>\n\t\t\t\t<div class=\"bdpp-post-cats\"><a class=\"bdpp-post-cat-link bdpp-post-cat-70 bdpp-post-cat-abano-et-collines\" href=\"https:\/\/blog.termetritone.it\/fr\/category\/territoire\/abano-et-collines\/\">Abano et Collines<\/a> <a class=\"bdpp-post-cat-link bdpp-post-cat-24 bdpp-post-cat-territoire\" href=\"https:\/\/blog.termetritone.it\/fr\/category\/territoire\/\">Territoire<\/a><\/div>\n\t\t\n\t\t<h2 class=\"bdpp-post-title\">\n\t\t\t<a href=\"https:\/\/blog.termetritone.it\/fr\/territoire\/route-des-vins-des-collines-euganeennes-un-voyage-entre-nature-saveurs-et-paysages\/\">Route des Vins des Collines eugan\u00e9ennes : un voyage entre nature, saveurs et paysages<\/a>\n\t\t<\/h2>\n\n\t\t\t\t<div class=\"bdpp-post-content\">\n\t\t\t<div class=\"bdpp-post-desc\">La r\u00e9gion des Collines eugan\u00e9ennes offre une combinaison unique d&#39;\u00e9l\u00e9ments : routes pittoresques, villages historiques, vignobles bien ordonn\u00e9s, sans oublier...<\/div>\n\t\t\t\t\t<\/div>\n\t\t\t<\/div>\n<\/div>\t<\/div>\n\t\t<div class=\"bdpp-paging bdpp-clearfix\">\n\t\t<span aria-current=\"page\" class=\"page-numbers current\">1<\/span>\n<a class=\"page-numbers\" href=\"https:\/\/blog.termetritone.it\/fr\/wp-json\/wp\/v2\/pages\/13239\/page\/2\/\">2<\/a>\n<a class=\"page-numbers\" href=\"https:\/\/blog.termetritone.it\/fr\/wp-json\/wp\/v2\/pages\/13239\/page\/3\/\">3<\/a>\n<span class=\"page-numbers dots\">\u2026<\/span>\n<a class=\"page-numbers\" href=\"https:\/\/blog.termetritone.it\/fr\/wp-json\/wp\/v2\/pages\/13239\/page\/5\/\">5<\/a>\n<a class=\"next page-numbers\" href=\"https:\/\/blog.termetritone.it\/fr\/wp-json\/wp\/v2\/pages\/13239\/page\/2\/\">Suivante \u00bb &raquo;<\/a>\t<\/div>\n<\/div>[\/vc_column_text][\/vc_column][\/vc_row]<\/p>\n","protected":false},"excerpt":{"rendered":"<p>[vc_row el_class=\u00a0\u00bbiframe-news\u00a0\u00bb][vc_column][vc_column_text][\/vc_column_text][\/vc_column][\/vc_row]<\/p>\n","protected":false},"author":1,"featured_media":0,"parent":0,"menu_order":0,"comment_status":"closed","ping_status":"closed","template":"page-template-full-width.php","meta":{"_acf_changed":false,"footnotes":""},"class_list":["post-13239","page","type-page","status-publish","hentry"],"acf":[],"yoast_head":"<!-- This site is optimized with the Yoast SEO plugin v27.2 - https:\/\/yoast.com\/product\/yoast-seo-wordpress\/ -->\n<title>Abano e Colli (iFrame FR) - Blog Hotel Tritone Terme<\/title>\n<meta name=\"robots\" content=\"index, follow, max-snippet:-1, max-image-preview:large, max-video-preview:-1\" \/>\n<link rel=\"canonical\" href=\"https:\/\/blog.termetritone.it\/fr\/abano-e-colli-iframe\/\" \/>\n<meta property=\"og:locale\" content=\"fr_FR\" \/>\n<meta property=\"og:type\" content=\"article\" \/>\n<meta property=\"og:title\" content=\"Abano e Colli (iFrame FR) - Blog Hotel Tritone Terme\" \/>\n<meta property=\"og:description\" content=\"[vc_row el_class=\u00a0\u00bbiframe-news\u00a0\u00bb][vc_column][vc_column_text][\/vc_column_text][\/vc_column][\/vc_row]\" \/>\n<meta property=\"og:url\" content=\"https:\/\/blog.termetritone.it\/fr\/abano-e-colli-iframe\/\" \/>\n<meta property=\"og:site_name\" content=\"Blog Hotel Tritone Terme\" \/>\n<meta property=\"article:publisher\" content=\"https:\/\/www.facebook.com\/HotelTritoneTerme\/\" \/>\n<meta property=\"article:modified_time\" content=\"2023-11-14T13:37:52+00:00\" \/>\n<meta name=\"twitter:card\" content=\"summary_large_image\" \/>\n<meta name=\"twitter:site\" content=\"@TermeTritone\" \/>\n<meta name=\"twitter:label1\" content=\"Dur\u00e9e de lecture estim\u00e9e\" \/>\n\t<meta name=\"twitter:data1\" content=\"1 minute\" \/>\n<!-- \/ Yoast SEO plugin. -->","yoast_head_json":{"title":"Abano e Colli (iFrame FR) - Blog Hotel Tritone Terme","robots":{"index":"index","follow":"follow","max-snippet":"max-snippet:-1","max-image-preview":"max-image-preview:large","max-video-preview":"max-video-preview:-1"},"canonical":"https:\/\/blog.termetritone.it\/fr\/abano-e-colli-iframe\/","og_locale":"fr_FR","og_type":"article","og_title":"Abano e Colli (iFrame FR) - Blog Hotel Tritone Terme","og_description":"[vc_row el_class=\u00a0\u00bbiframe-news\u00a0\u00bb][vc_column][vc_column_text][\/vc_column_text][\/vc_column][\/vc_row]","og_url":"https:\/\/blog.termetritone.it\/fr\/abano-e-colli-iframe\/","og_site_name":"Blog Hotel Tritone Terme","article_publisher":"https:\/\/www.facebook.com\/HotelTritoneTerme\/","article_modified_time":"2023-11-14T13:37:52+00:00","twitter_card":"summary_large_image","twitter_site":"@TermeTritone","twitter_misc":{"Dur\u00e9e de lecture estim\u00e9e":"1 minute"},"schema":{"@context":"https:\/\/schema.org","@graph":[{"@type":"WebPage","@id":"https:\/\/blog.termetritone.it\/fr\/abano-e-colli-iframe\/","url":"https:\/\/blog.termetritone.it\/fr\/abano-e-colli-iframe\/","name":"Abano e Colli (iFrame FR) - Blog Hotel Tritone Terme","isPartOf":{"@id":"https:\/\/blog.termetritone.it\/#website"},"datePublished":"2023-11-07T12:47:17+00:00","dateModified":"2023-11-14T13:37:52+00:00","breadcrumb":{"@id":"https:\/\/blog.termetritone.it\/fr\/abano-e-colli-iframe\/#breadcrumb"},"inLanguage":"fr-FR","potentialAction":[{"@type":"ReadAction","target":["https:\/\/blog.termetritone.it\/fr\/abano-e-colli-iframe\/"]}]},{"@type":"BreadcrumbList","@id":"https:\/\/blog.termetritone.it\/fr\/abano-e-colli-iframe\/#breadcrumb","itemListElement":[{"@type":"ListItem","position":1,"name":"Home","item":"https:\/\/blog.termetritone.it\/fr\/"},{"@type":"ListItem","position":2,"name":"Abano e Colli (iFrame FR)"}]},{"@type":"WebSite","@id":"https:\/\/blog.termetritone.it\/#website","url":"https:\/\/blog.termetritone.it\/","name":"Blog Hotel Tritone Terme","description":"Eleganza e relax senza compromessi","publisher":{"@id":"https:\/\/blog.termetritone.it\/#organization"},"potentialAction":[{"@type":"SearchAction","target":{"@type":"EntryPoint","urlTemplate":"https:\/\/blog.termetritone.it\/?s={search_term_string}"},"query-input":{"@type":"PropertyValueSpecification","valueRequired":true,"valueName":"search_term_string"}}],"inLanguage":"fr-FR"},{"@type":"Organization","@id":"https:\/\/blog.termetritone.it\/#organization","name":"Hotel Tritone Terme - Sethi srl","url":"https:\/\/blog.termetritone.it\/","logo":{"@type":"ImageObject","inLanguage":"fr-FR","@id":"https:\/\/blog.termetritone.it\/#\/schema\/logo\/image\/","url":"https:\/\/blog.termetritone.it\/wp-content\/uploads\/2018\/10\/logo-tritone-small.png","contentUrl":"https:\/\/blog.termetritone.it\/wp-content\/uploads\/2018\/10\/logo-tritone-small.png","width":249,"height":80,"caption":"Hotel Tritone Terme - Sethi srl"},"image":{"@id":"https:\/\/blog.termetritone.it\/#\/schema\/logo\/image\/"},"sameAs":["https:\/\/www.facebook.com\/HotelTritoneTerme\/","https:\/\/x.com\/TermeTritone","https:\/\/www.youtube.com\/channel\/UCBtuO3rJaSxzX_OkEw3niJg"]}]}},"_links":{"self":[{"href":"https:\/\/blog.termetritone.it\/fr\/wp-json\/wp\/v2\/pages\/13239","targetHints":{"allow":["GET"]}}],"collection":[{"href":"https:\/\/blog.termetritone.it\/fr\/wp-json\/wp\/v2\/pages"}],"about":[{"href":"https:\/\/blog.termetritone.it\/fr\/wp-json\/wp\/v2\/types\/page"}],"author":[{"embeddable":true,"href":"https:\/\/blog.termetritone.it\/fr\/wp-json\/wp\/v2\/users\/1"}],"replies":[{"embeddable":true,"href":"https:\/\/blog.termetritone.it\/fr\/wp-json\/wp\/v2\/comments?post=13239"}],"version-history":[{"count":2,"href":"https:\/\/blog.termetritone.it\/fr\/wp-json\/wp\/v2\/pages\/13239\/revisions"}],"predecessor-version":[{"id":13241,"href":"https:\/\/blog.termetritone.it\/fr\/wp-json\/wp\/v2\/pages\/13239\/revisions\/13241"}],"wp:attachment":[{"href":"https:\/\/blog.termetritone.it\/fr\/wp-json\/wp\/v2\/media?parent=13239"}],"curies":[{"name":"wp","href":"https:\/\/api.w.org\/{rel}","templated":true}]}}