{"id":13243,"date":"2023-11-07T14:52:10","date_gmt":"2023-11-07T13:52:10","guid":{"rendered":"https:\/\/blog.termetritone.it\/citta-darte-iframe\/"},"modified":"2023-11-14T14:39:56","modified_gmt":"2023-11-14T13:39:56","slug":"citta-darte-iframe","status":"publish","type":"page","link":"https:\/\/blog.termetritone.it\/fr\/citta-darte-iframe\/","title":{"rendered":"Citt\u00e0 d\u2019Arte (iFrame FR)"},"content":{"rendered":"<p>[vc_row el_class=\u00a0\u00bbiframe-news\u00a0\u00bb][vc_column][vc_column_text]<div class=\"bdpp-wrap bdpp-lite bdpp-post-grid-wrap bdpp-post-data-wrap bdpp-design-1 bdpp-grid-4  bdpp-clearfix\" id=\"bdpp-post-grid-1\">\n\t<div class=\"bdpp-post-grid-inr-wrap bdpp-post-data-inr-wrap bdpp-clearfix\"><div class=\"bdpp-post-grid bdpp-col-4 bdpp-columns bdpp-post-15846 bdpp-post-standard bdpp-first bdpp-has-thumb\">\n\t<div class=\"bdpp-post-grid-content\">\n\t\t\t\t<div class=\"bdpp-post-img-bg\">\n\t\t\t<a href=\"https:\/\/blog.termetritone.it\/fr\/territoire\/carnaval-de-venise-2025-elegance-et-magie-intemporelles\/\">\n\t\t\t\t<img decoding=\"async\" src=\"https:\/\/blog.termetritone.it\/wp-content\/uploads\/2025\/01\/9-1.jpg\" class=\"bdpp-img bdpp-post-feat-img\" alt=\"Carnaval de Venise 2025 : \u00e9l\u00e9gance et magie intemporelles\" \/>\n\t\t\t\t\t\t\t<\/a>\n\t\t<\/div>\n\t\t\t\t<div class=\"bdpp-post-cats\"><a class=\"bdpp-post-cat-link bdpp-post-cat-24 bdpp-post-cat-territoire\" href=\"https:\/\/blog.termetritone.it\/fr\/category\/territoire\/\">Territoire<\/a> <a class=\"bdpp-post-cat-link bdpp-post-cat-75 bdpp-post-cat-villes-dart\" href=\"https:\/\/blog.termetritone.it\/fr\/category\/territoire\/villes-dart\/\">Villes d\u2019art<\/a><\/div>\n\t\t\n\t\t<h2 class=\"bdpp-post-title\">\n\t\t\t<a href=\"https:\/\/blog.termetritone.it\/fr\/territoire\/carnaval-de-venise-2025-elegance-et-magie-intemporelles\/\">Carnaval de Venise 2025 : \u00e9l\u00e9gance et magie intemporelles<\/a>\n\t\t<\/h2>\n\n\t\t\t\t<div class=\"bdpp-post-content\">\n\t\t\t<div class=\"bdpp-post-desc\">Le Carnaval de Venise est une f\u00eate qui apporte avec elle la magie de l&#39;histoire, le charme des masques et...<\/div>\n\t\t\t\t\t<\/div>\n\t\t\t<\/div>\n<\/div><div class=\"bdpp-post-grid bdpp-col-4 bdpp-columns bdpp-post-14188 bdpp-post-standard bdpp-has-thumb\">\n\t<div class=\"bdpp-post-grid-content\">\n\t\t\t\t<div class=\"bdpp-post-img-bg\">\n\t\t\t<a href=\"https:\/\/blog.termetritone.it\/fr\/territoire\/le-charme-double-de-villa-bassi-une-villa-venitienne-et-son-musee\/\">\n\t\t\t\t<img decoding=\"async\" src=\"https:\/\/blog.termetritone.it\/wp-content\/uploads\/2024\/05\/5-1.jpg\" class=\"bdpp-img bdpp-post-feat-img\" alt=\"Le charme double de Villa Bassi, une villa v\u00e9nitienne et son mus\u00e9e\" \/>\n\t\t\t\t\t\t\t<\/a>\n\t\t<\/div>\n\t\t\t\t<div class=\"bdpp-post-cats\"><a class=\"bdpp-post-cat-link bdpp-post-cat-24 bdpp-post-cat-territoire\" href=\"https:\/\/blog.termetritone.it\/fr\/category\/territoire\/\">Territoire<\/a> <a class=\"bdpp-post-cat-link bdpp-post-cat-75 bdpp-post-cat-villes-dart\" href=\"https:\/\/blog.termetritone.it\/fr\/category\/territoire\/villes-dart\/\">Villes d\u2019art<\/a><\/div>\n\t\t\n\t\t<h2 class=\"bdpp-post-title\">\n\t\t\t<a href=\"https:\/\/blog.termetritone.it\/fr\/territoire\/le-charme-double-de-villa-bassi-une-villa-venitienne-et-son-musee\/\">Le charme double de Villa Bassi, une villa v\u00e9nitienne et son mus\u00e9e<\/a>\n\t\t<\/h2>\n\n\t\t\t\t<div class=\"bdpp-post-content\">\n\t\t\t<div class=\"bdpp-post-desc\">Villa Bassi se dresse au c\u0153ur des vertes collines ondoyantes d&#39;Abano Terme. C&#39;est un bijou architectural qui enchante ses visiteurs,...<\/div>\n\t\t\t\t\t<\/div>\n\t\t\t<\/div>\n<\/div><div class=\"bdpp-post-grid bdpp-col-4 bdpp-columns bdpp-post-13630 bdpp-post-standard bdpp-has-thumb\">\n\t<div class=\"bdpp-post-grid-content\">\n\t\t\t\t<div class=\"bdpp-post-img-bg\">\n\t\t\t<a href=\"https:\/\/blog.termetritone.it\/fr\/territoire\/a-padoue-les-oeuvres-extraordinaires-des-peintres-francais-modernes-de-monet-a-matisse\/\">\n\t\t\t\t<img decoding=\"async\" src=\"https:\/\/blog.termetritone.it\/wp-content\/uploads\/2024\/02\/TRITONE-LUXURY-HOTEL_foto-con-scritta-4.jpg\" class=\"bdpp-img bdpp-post-feat-img\" alt=\"\u00c0 Padoue, les \u0153uvres extraordinaires des peintres fran\u00e7ais modernes, de Monet \u00e0 Matisse\" \/>\n\t\t\t\t\t\t\t<\/a>\n\t\t<\/div>\n\t\t\t\t<div class=\"bdpp-post-cats\"><a class=\"bdpp-post-cat-link bdpp-post-cat-24 bdpp-post-cat-territoire\" href=\"https:\/\/blog.termetritone.it\/fr\/category\/territoire\/\">Territoire<\/a> <a class=\"bdpp-post-cat-link bdpp-post-cat-75 bdpp-post-cat-villes-dart\" href=\"https:\/\/blog.termetritone.it\/fr\/category\/territoire\/villes-dart\/\">Villes d\u2019art<\/a><\/div>\n\t\t\n\t\t<h2 class=\"bdpp-post-title\">\n\t\t\t<a href=\"https:\/\/blog.termetritone.it\/fr\/territoire\/a-padoue-les-oeuvres-extraordinaires-des-peintres-francais-modernes-de-monet-a-matisse\/\">\u00c0 Padoue, les \u0153uvres extraordinaires des peintres fran\u00e7ais modernes, de Monet \u00e0 Matisse<\/a>\n\t\t<\/h2>\n\n\t\t\t\t<div class=\"bdpp-post-content\">\n\t\t\t<div class=\"bdpp-post-desc\">Que s\u2019est-il pass\u00e9 dans le monde de l\u2019art \u00e0 Paris pendant les cent ans allant de 1850 \u00e0 1950 ?...<\/div>\n\t\t\t\t\t<\/div>\n\t\t\t<\/div>\n<\/div><div class=\"bdpp-post-grid bdpp-col-4 bdpp-columns bdpp-post-13340 bdpp-post-standard bdpp-has-thumb\">\n\t<div class=\"bdpp-post-grid-content\">\n\t\t\t\t<div class=\"bdpp-post-img-bg\">\n\t\t\t<a href=\"https:\/\/blog.termetritone.it\/fr\/territoire\/noel-2023-a-abano-terme-et-a-padoue-pour-que-votre-sejour-a-lhotel-tritone-soit-encore-plus-magique\/\">\n\t\t\t\t<img decoding=\"async\" src=\"https:\/\/blog.termetritone.it\/wp-content\/uploads\/2023\/12\/Padova-1-FR.jpg\" class=\"bdpp-img bdpp-post-feat-img\" alt=\"No\u00ebl 2023 \u00e0 Abano Terme et \u00e0 Padoue, pour que votre s\u00e9jour \u00e0 l&rsquo;H\u00f4tel Tritone soit encore plus magique\" \/>\n\t\t\t\t\t\t\t<\/a>\n\t\t<\/div>\n\t\t\t\t<div class=\"bdpp-post-cats\"><a class=\"bdpp-post-cat-link bdpp-post-cat-70 bdpp-post-cat-abano-et-collines\" href=\"https:\/\/blog.termetritone.it\/fr\/category\/territoire\/abano-et-collines\/\">Abano et Collines<\/a> <a class=\"bdpp-post-cat-link bdpp-post-cat-24 bdpp-post-cat-territoire\" href=\"https:\/\/blog.termetritone.it\/fr\/category\/territoire\/\">Territoire<\/a> <a class=\"bdpp-post-cat-link bdpp-post-cat-75 bdpp-post-cat-villes-dart\" href=\"https:\/\/blog.termetritone.it\/fr\/category\/territoire\/villes-dart\/\">Villes d\u2019art<\/a><\/div>\n\t\t\n\t\t<h2 class=\"bdpp-post-title\">\n\t\t\t<a href=\"https:\/\/blog.termetritone.it\/fr\/territoire\/noel-2023-a-abano-terme-et-a-padoue-pour-que-votre-sejour-a-lhotel-tritone-soit-encore-plus-magique\/\">No\u00ebl 2023 \u00e0 Abano Terme et \u00e0 Padoue, pour que votre s\u00e9jour \u00e0 l&rsquo;H\u00f4tel Tritone soit encore plus magique<\/a>\n\t\t<\/h2>\n\n\t\t\t\t<div class=\"bdpp-post-content\">\n\t\t\t<div class=\"bdpp-post-desc\">Les clients qui choisissent de passer quelques jours de vacances au mois de d\u00e9cembre et d\u00e9but janvier ont la possibilit\u00e9...<\/div>\n\t\t\t\t\t<\/div>\n\t\t\t<\/div>\n<\/div>\t<\/div>\n\t<\/div>[\/vc_column_text][\/vc_column][\/vc_row]<\/p>\n","protected":false},"excerpt":{"rendered":"<p>[vc_row el_class=\u00a0\u00bbiframe-news\u00a0\u00bb][vc_column][vc_column_text][\/vc_column_text][\/vc_column][\/vc_row]<\/p>\n","protected":false},"author":1,"featured_media":0,"parent":0,"menu_order":0,"comment_status":"closed","ping_status":"closed","template":"page-template-full-width.php","meta":{"_acf_changed":false,"footnotes":""},"class_list":["post-13243","page","type-page","status-publish","hentry"],"acf":[],"yoast_head":"<!-- This site is optimized with the Yoast SEO plugin v27.2 - https:\/\/yoast.com\/product\/yoast-seo-wordpress\/ -->\n<title>Citt\u00e0 d\u2019Arte (iFrame FR) - Blog Hotel Tritone Terme<\/title>\n<meta name=\"robots\" content=\"index, follow, max-snippet:-1, max-image-preview:large, max-video-preview:-1\" \/>\n<link rel=\"canonical\" href=\"https:\/\/blog.termetritone.it\/fr\/citta-darte-iframe\/\" \/>\n<meta property=\"og:locale\" content=\"fr_FR\" \/>\n<meta property=\"og:type\" content=\"article\" \/>\n<meta property=\"og:title\" content=\"Citt\u00e0 d\u2019Arte (iFrame FR) - Blog Hotel Tritone Terme\" \/>\n<meta property=\"og:description\" content=\"[vc_row el_class=\u00a0\u00bbiframe-news\u00a0\u00bb][vc_column][vc_column_text][\/vc_column_text][\/vc_column][\/vc_row]\" \/>\n<meta property=\"og:url\" content=\"https:\/\/blog.termetritone.it\/fr\/citta-darte-iframe\/\" \/>\n<meta property=\"og:site_name\" content=\"Blog Hotel Tritone Terme\" \/>\n<meta property=\"article:publisher\" content=\"https:\/\/www.facebook.com\/HotelTritoneTerme\/\" \/>\n<meta property=\"article:modified_time\" content=\"2023-11-14T13:39:56+00:00\" \/>\n<meta name=\"twitter:card\" content=\"summary_large_image\" \/>\n<meta name=\"twitter:site\" content=\"@TermeTritone\" \/>\n<meta name=\"twitter:label1\" content=\"Dur\u00e9e de lecture estim\u00e9e\" \/>\n\t<meta name=\"twitter:data1\" content=\"1 minute\" \/>\n<!-- \/ Yoast SEO plugin. -->","yoast_head_json":{"title":"Citt\u00e0 d\u2019Arte (iFrame FR) - Blog Hotel Tritone Terme","robots":{"index":"index","follow":"follow","max-snippet":"max-snippet:-1","max-image-preview":"max-image-preview:large","max-video-preview":"max-video-preview:-1"},"canonical":"https:\/\/blog.termetritone.it\/fr\/citta-darte-iframe\/","og_locale":"fr_FR","og_type":"article","og_title":"Citt\u00e0 d\u2019Arte (iFrame FR) - Blog Hotel Tritone Terme","og_description":"[vc_row el_class=\u00a0\u00bbiframe-news\u00a0\u00bb][vc_column][vc_column_text][\/vc_column_text][\/vc_column][\/vc_row]","og_url":"https:\/\/blog.termetritone.it\/fr\/citta-darte-iframe\/","og_site_name":"Blog Hotel Tritone Terme","article_publisher":"https:\/\/www.facebook.com\/HotelTritoneTerme\/","article_modified_time":"2023-11-14T13:39:56+00:00","twitter_card":"summary_large_image","twitter_site":"@TermeTritone","twitter_misc":{"Dur\u00e9e de lecture estim\u00e9e":"1 minute"},"schema":{"@context":"https:\/\/schema.org","@graph":[{"@type":"WebPage","@id":"https:\/\/blog.termetritone.it\/fr\/citta-darte-iframe\/","url":"https:\/\/blog.termetritone.it\/fr\/citta-darte-iframe\/","name":"Citt\u00e0 d\u2019Arte (iFrame FR) - Blog Hotel Tritone Terme","isPartOf":{"@id":"https:\/\/blog.termetritone.it\/#website"},"datePublished":"2023-11-07T13:52:10+00:00","dateModified":"2023-11-14T13:39:56+00:00","breadcrumb":{"@id":"https:\/\/blog.termetritone.it\/fr\/citta-darte-iframe\/#breadcrumb"},"inLanguage":"fr-FR","potentialAction":[{"@type":"ReadAction","target":["https:\/\/blog.termetritone.it\/fr\/citta-darte-iframe\/"]}]},{"@type":"BreadcrumbList","@id":"https:\/\/blog.termetritone.it\/fr\/citta-darte-iframe\/#breadcrumb","itemListElement":[{"@type":"ListItem","position":1,"name":"Home","item":"https:\/\/blog.termetritone.it\/fr\/"},{"@type":"ListItem","position":2,"name":"Citt\u00e0 d\u2019Arte (iFrame FR)"}]},{"@type":"WebSite","@id":"https:\/\/blog.termetritone.it\/#website","url":"https:\/\/blog.termetritone.it\/","name":"Blog Hotel Tritone Terme","description":"Eleganza e relax senza compromessi","publisher":{"@id":"https:\/\/blog.termetritone.it\/#organization"},"potentialAction":[{"@type":"SearchAction","target":{"@type":"EntryPoint","urlTemplate":"https:\/\/blog.termetritone.it\/?s={search_term_string}"},"query-input":{"@type":"PropertyValueSpecification","valueRequired":true,"valueName":"search_term_string"}}],"inLanguage":"fr-FR"},{"@type":"Organization","@id":"https:\/\/blog.termetritone.it\/#organization","name":"Hotel Tritone Terme - Sethi srl","url":"https:\/\/blog.termetritone.it\/","logo":{"@type":"ImageObject","inLanguage":"fr-FR","@id":"https:\/\/blog.termetritone.it\/#\/schema\/logo\/image\/","url":"https:\/\/blog.termetritone.it\/wp-content\/uploads\/2018\/10\/logo-tritone-small.png","contentUrl":"https:\/\/blog.termetritone.it\/wp-content\/uploads\/2018\/10\/logo-tritone-small.png","width":249,"height":80,"caption":"Hotel Tritone Terme - Sethi srl"},"image":{"@id":"https:\/\/blog.termetritone.it\/#\/schema\/logo\/image\/"},"sameAs":["https:\/\/www.facebook.com\/HotelTritoneTerme\/","https:\/\/x.com\/TermeTritone","https:\/\/www.youtube.com\/channel\/UCBtuO3rJaSxzX_OkEw3niJg"]}]}},"_links":{"self":[{"href":"https:\/\/blog.termetritone.it\/fr\/wp-json\/wp\/v2\/pages\/13243","targetHints":{"allow":["GET"]}}],"collection":[{"href":"https:\/\/blog.termetritone.it\/fr\/wp-json\/wp\/v2\/pages"}],"about":[{"href":"https:\/\/blog.termetritone.it\/fr\/wp-json\/wp\/v2\/types\/page"}],"author":[{"embeddable":true,"href":"https:\/\/blog.termetritone.it\/fr\/wp-json\/wp\/v2\/users\/1"}],"replies":[{"embeddable":true,"href":"https:\/\/blog.termetritone.it\/fr\/wp-json\/wp\/v2\/comments?post=13243"}],"version-history":[{"count":1,"href":"https:\/\/blog.termetritone.it\/fr\/wp-json\/wp\/v2\/pages\/13243\/revisions"}],"predecessor-version":[{"id":13244,"href":"https:\/\/blog.termetritone.it\/fr\/wp-json\/wp\/v2\/pages\/13243\/revisions\/13244"}],"wp:attachment":[{"href":"https:\/\/blog.termetritone.it\/fr\/wp-json\/wp\/v2\/media?parent=13243"}],"curies":[{"name":"wp","href":"https:\/\/api.w.org\/{rel}","templated":true}]}}